{"id":30,"date":"2020-04-13T11:18:54","date_gmt":"2020-04-13T11:18:54","guid":{"rendered":"http:\/\/vitideal.net\/?page_id=30"},"modified":"2023-01-09T16:32:05","modified_gmt":"2023-01-09T14:32:05","slug":"home","status":"publish","type":"page","link":"https:\/\/vitideal.net\/","title":{"rendered":"Accueil"},"content":{"rendered":"\n<figure class=\"wp-block-image alignfull\"><img loading=\"lazy\" decoding=\"async\" width=\"1064\" height=\"239\" src=\"https:\/\/vitideal.net\/wp-content\/uploads\/2022\/10\/vitideal-vignes-turquant-1.jpg\" alt=\"\" class=\"wp-image-336\" srcset=\"https:\/\/vitideal.net\/wp-content\/uploads\/2022\/10\/vitideal-vignes-turquant-1.jpg 1064w, https:\/\/vitideal.net\/wp-content\/uploads\/2022\/10\/vitideal-vignes-turquant-1-300x67.jpg 300w, https:\/\/vitideal.net\/wp-content\/uploads\/2022\/10\/vitideal-vignes-turquant-1-1024x230.jpg 1024w, https:\/\/vitideal.net\/wp-content\/uploads\/2022\/10\/vitideal-vignes-turquant-1-768x173.jpg 768w\" sizes=\"auto, (max-width: 1064px) 100vw, 1064px\" \/><\/figure>\n\n\n\n<div class=\"wp-block-media-text alignwide has-media-on-the-right is-stacked-on-mobile\" style=\"grid-template-columns:auto 29%\"><figure class=\"wp-block-media-text__media\"><img loading=\"lazy\" decoding=\"async\" width=\"450\" height=\"279\" src=\"https:\/\/vitideal.net\/wp-content\/uploads\/2022\/10\/marion-bourreau-vitideal-vignes-saumur-chateau-1.jpg\" alt=\"\" class=\"wp-image-328 size-full\" srcset=\"https:\/\/vitideal.net\/wp-content\/uploads\/2022\/10\/marion-bourreau-vitideal-vignes-saumur-chateau-1.jpg 450w, https:\/\/vitideal.net\/wp-content\/uploads\/2022\/10\/marion-bourreau-vitideal-vignes-saumur-chateau-1-300x186.jpg 300w\" sizes=\"auto, (max-width: 450px) 100vw, 450px\" \/><\/figure><div class=\"wp-block-media-text__content\">\n<p class=\"has-text-align-center has-medium-font-size\">Je vous propose des excursions guid\u00e9es dans les vignes,<br>les caves et les sites patrimoniaux.<\/p>\n\n\n\n<p class=\"has-text-align-center\"><em>Passionn\u00e9e par la vigne et les Vins de Loire, je vous guide \u00e0 travers nos belles r\u00e9gions viticoles pour des circuits uniques et complets.<\/em><\/p>\n<\/div><\/div>\n\n\n\n<hr class=\"wp-block-separator has-text-color has-theme-palette-1-color has-alpha-channel-opacity has-theme-palette-1-background-color has-background is-style-default\"\/>\n\n\n\n<h2 class=\"has-text-align-center wp-block-heading\">Circuits<\/h2>\n\n\n\n<p class=\"has-text-align-center\">Choisissez parmi les circuits de villes con\u00e7us pour d\u00e9couvrir la r\u00e9gion et ses sites oenotouristiques.<\/p>\n\n\n\n<div class=\"wp-block-buttons is-layout-flex wp-block-buttons-is-layout-flex\">\n<div class=\"wp-block-button aligncenter\"><a class=\"wp-block-button__link\" href=\"https:\/\/vitideal.net\/?page_id=366\">Voir les circuits<\/a><\/div>\n<\/div>\n\n\n\n<div class=\"wp-block-columns is-layout-flex wp-container-core-columns-is-layout-9d6595d7 wp-block-columns-is-layout-flex\">\n<div class=\"wp-block-column is-layout-flow wp-block-column-is-layout-flow\">\n<div class=\"wp-block-buttons alignwide is-content-justification-center is-layout-flex wp-container-core-buttons-is-layout-16018d1d wp-block-buttons-is-layout-flex\"><\/div>\n<\/div>\n\n\n\n<div class=\"wp-block-column is-layout-flow wp-block-column-is-layout-flow\"><\/div>\n<\/div>\n","protected":false},"excerpt":{"rendered":"<p>Je vous propose des excursions guid\u00e9es dans les vignes,les caves et les sites patrimoniaux. Passionn\u00e9e par la vigne et les Vins de Loire, je vous guide \u00e0 travers nos belles r\u00e9gions viticoles pour des circuits uniques et complets. Circuits Choisissez parmi les circuits de villes con\u00e7us pour d\u00e9couvrir la r\u00e9gion et ses sites oenotouristiques.<\/p>\n","protected":false},"author":0,"featured_media":0,"parent":0,"menu_order":0,"comment_status":"closed","ping_status":"closed","template":"","meta":{"_kadence_starter_templates_imported_post":false,"_kad_post_transparent":"","_kad_post_title":"hide","_kad_post_layout":"","_kad_post_sidebar_id":"","_kad_post_content_style":"","_kad_post_vertical_padding":"","_kad_post_feature":"","_kad_post_feature_position":"","_kad_post_header":false,"_kad_post_footer":false,"footnotes":""},"class_list":["post-30","page","type-page","status-publish","hentry"],"_links":{"self":[{"href":"https:\/\/vitideal.net\/index.php?rest_route=\/wp\/v2\/pages\/30","targetHints":{"allow":["GET"]}}],"collection":[{"href":"https:\/\/vitideal.net\/index.php?rest_route=\/wp\/v2\/pages"}],"about":[{"href":"https:\/\/vitideal.net\/index.php?rest_route=\/wp\/v2\/types\/page"}],"replies":[{"embeddable":true,"href":"https:\/\/vitideal.net\/index.php?rest_route=%2Fwp%2Fv2%2Fcomments&post=30"}],"version-history":[{"count":20,"href":"https:\/\/vitideal.net\/index.php?rest_route=\/wp\/v2\/pages\/30\/revisions"}],"predecessor-version":[{"id":477,"href":"https:\/\/vitideal.net\/index.php?rest_route=\/wp\/v2\/pages\/30\/revisions\/477"}],"wp:attachment":[{"href":"https:\/\/vitideal.net\/index.php?rest_route=%2Fwp%2Fv2%2Fmedia&parent=30"}],"curies":[{"name":"wp","href":"https:\/\/api.w.org\/{rel}","templated":true}]}}