{"id":31,"date":"2020-04-13T11:18:52","date_gmt":"2020-04-13T11:18:52","guid":{"rendered":"http:\/\/vitideal.net\/?page_id=31"},"modified":"2023-12-05T15:39:20","modified_gmt":"2023-12-05T13:39:20","slug":"about","status":"publish","type":"page","link":"https:\/\/vitideal.net\/?page_id=31","title":{"rendered":"Saumur Viticole"},"content":{"rendered":"\n<figure class=\"wp-block-gallery has-nested-images columns-default is-cropped wp-block-gallery-1 is-layout-flex wp-block-gallery-is-layout-flex\">\n<figure class=\"wp-block-image size-large\"><img loading=\"lazy\" decoding=\"async\" width=\"300\" height=\"168\" data-id=\"362\" src=\"https:\/\/vitideal.net\/wp-content\/uploads\/2022\/10\/vignes-cabernet-vitideal-cave-visite-oenologie.jpg\" alt=\"\" class=\"wp-image-362\"\/><\/figure>\n\n\n\n<figure class=\"wp-block-image size-large\"><img loading=\"lazy\" decoding=\"async\" width=\"450\" height=\"279\" data-id=\"329\" src=\"https:\/\/vitideal.net\/wp-content\/uploads\/2022\/10\/marion-bourreau-vitideal-vignes-saumur-chateau.jpg\" alt=\"\" class=\"wp-image-329\" srcset=\"https:\/\/vitideal.net\/wp-content\/uploads\/2022\/10\/marion-bourreau-vitideal-vignes-saumur-chateau.jpg 450w, https:\/\/vitideal.net\/wp-content\/uploads\/2022\/10\/marion-bourreau-vitideal-vignes-saumur-chateau-300x186.jpg 300w\" sizes=\"auto, (max-width: 450px) 100vw, 450px\" \/><\/figure>\n\n\n\n<figure class=\"wp-block-image size-large\"><img loading=\"lazy\" decoding=\"async\" width=\"1024\" height=\"683\" data-id=\"410\" src=\"https:\/\/vitideal.net\/wp-content\/uploads\/2022\/12\/cave-1-1024x683.jpg\" alt=\"\" class=\"wp-image-410\" srcset=\"https:\/\/vitideal.net\/wp-content\/uploads\/2022\/12\/cave-1-1024x683.jpg 1024w, https:\/\/vitideal.net\/wp-content\/uploads\/2022\/12\/cave-1-300x200.jpg 300w, https:\/\/vitideal.net\/wp-content\/uploads\/2022\/12\/cave-1-768x512.jpg 768w, https:\/\/vitideal.net\/wp-content\/uploads\/2022\/12\/cave-1-1536x1025.jpg 1536w, https:\/\/vitideal.net\/wp-content\/uploads\/2022\/12\/cave-1.jpg 1920w\" sizes=\"auto, (max-width: 1024px) 100vw, 1024px\" \/><\/figure>\n<\/figure>\n\n\n\n<p><\/p>\n\n\n\n<p>Visitez le centre-ville historique, le ch\u00e2teau (attention ca grimpe pour y aller !) et ses vignes et terminez par une c\u00e9l\u00e8bre cave de fines bulles (visite des troglodytes et d\u00e9gustation).<\/p>\n\n\n\n<p>Apprenez histoire et anecdotes sur la Ville de Saumur ainsi que la m\u00e9thode de fabrication des c\u00e9l\u00e8bres Fines Bulles de Loire.<\/p>\n\n\n\n<p>Dur\u00e9e : 3h<\/p>\n\n\n\n<p>Pr\u00e9voir chaussures confortables, pull ou gilet pour la cave troglo,  et de mani\u00e8re g\u00e9n\u00e9rale l&rsquo;\u00e9quipement adapt\u00e9 \u00e0 la m\u00e9t\u00e9o (parapluie, casquette, gourde d&rsquo;eau&#8230;)<\/p>\n\n\n\n<p>24,50\u20ac \/ personne<\/p>\n","protected":false},"excerpt":{"rendered":"<p>Visitez le centre-ville historique, le ch\u00e2teau (attention ca grimpe pour y aller !) et ses vignes et terminez par une c\u00e9l\u00e8bre cave de fines bulles (visite des troglodytes et d\u00e9gustation). Apprenez histoire et anecdotes sur la Ville de Saumur ainsi que la m\u00e9thode de fabrication des c\u00e9l\u00e8bres Fines Bulles de Loire. Dur\u00e9e : 3h Pr\u00e9voir&#8230;<\/p>\n","protected":false},"author":0,"featured_media":0,"parent":0,"menu_order":0,"comment_status":"closed","ping_status":"closed","template":"","meta":{"_kadence_starter_templates_imported_post":false,"_kad_post_transparent":"","_kad_post_title":"show","_kad_post_layout":"","_kad_post_sidebar_id":"","_kad_post_content_style":"","_kad_post_vertical_padding":"","_kad_post_feature":"","_kad_post_feature_position":"","_kad_post_header":false,"_kad_post_footer":false,"footnotes":""},"class_list":["post-31","page","type-page","status-publish","hentry"],"_links":{"self":[{"href":"https:\/\/vitideal.net\/index.php?rest_route=\/wp\/v2\/pages\/31","targetHints":{"allow":["GET"]}}],"collection":[{"href":"https:\/\/vitideal.net\/index.php?rest_route=\/wp\/v2\/pages"}],"about":[{"href":"https:\/\/vitideal.net\/index.php?rest_route=\/wp\/v2\/types\/page"}],"replies":[{"embeddable":true,"href":"https:\/\/vitideal.net\/index.php?rest_route=%2Fwp%2Fv2%2Fcomments&post=31"}],"version-history":[{"count":12,"href":"https:\/\/vitideal.net\/index.php?rest_route=\/wp\/v2\/pages\/31\/revisions"}],"predecessor-version":[{"id":503,"href":"https:\/\/vitideal.net\/index.php?rest_route=\/wp\/v2\/pages\/31\/revisions\/503"}],"wp:attachment":[{"href":"https:\/\/vitideal.net\/index.php?rest_route=%2Fwp%2Fv2%2Fmedia&parent=31"}],"curies":[{"name":"wp","href":"https:\/\/api.w.org\/{rel}","templated":true}]}}