{"id":366,"date":"2022-10-20T15:21:30","date_gmt":"2022-10-20T13:21:30","guid":{"rendered":"http:\/\/vitideal.net\/?page_id=366"},"modified":"2023-07-23T16:02:35","modified_gmt":"2023-07-23T14:02:35","slug":"circuits","status":"publish","type":"page","link":"https:\/\/vitideal.net\/?page_id=366","title":{"rendered":"Circuits"},"content":{"rendered":"\n<div class=\"wp-block-cover alignfull\"><span aria-hidden=\"true\" class=\"wp-block-cover__background has-background-dim\"><\/span><img loading=\"lazy\" decoding=\"async\" width=\"1064\" height=\"239\" class=\"wp-block-cover__image-background wp-image-336\" alt=\"\" src=\"https:\/\/vitideal.net\/wp-content\/uploads\/2022\/10\/vitideal-vignes-turquant-1.jpg\" data-object-fit=\"cover\" srcset=\"https:\/\/vitideal.net\/wp-content\/uploads\/2022\/10\/vitideal-vignes-turquant-1.jpg 1064w, https:\/\/vitideal.net\/wp-content\/uploads\/2022\/10\/vitideal-vignes-turquant-1-300x67.jpg 300w, https:\/\/vitideal.net\/wp-content\/uploads\/2022\/10\/vitideal-vignes-turquant-1-1024x230.jpg 1024w, https:\/\/vitideal.net\/wp-content\/uploads\/2022\/10\/vitideal-vignes-turquant-1-768x173.jpg 768w\" sizes=\"auto, (max-width: 1064px) 100vw, 1064px\" \/><div class=\"wp-block-cover__inner-container is-layout-flow wp-block-cover-is-layout-flow\">\n<p class=\"has-text-align-center has-large-font-size\">CIRCUITS<\/p>\n<\/div><\/div>\n\n\n\n<div class=\"wp-block-columns alignfull has-theme-palette-6-background-color has-background is-layout-flex wp-container-core-columns-is-layout-9d6595d7 wp-block-columns-is-layout-flex\">\n<div class=\"wp-block-column is-vertically-aligned-top has-theme-palette-6-color has-theme-palette-2-background-color has-text-color has-background has-link-color wp-elements-6c5bd7bd65d4496f449d46f578b39a90 is-layout-flow wp-block-column-is-layout-flow\" style=\"padding-top:2em;padding-right:2em;padding-bottom:2em;padding-left:2em\">\n<h1 class=\"wp-block-heading has-text-align-center has-theme-palette-6-color has-text-color has-medium-font-size\" id=\"single\" style=\"font-style:normal;font-weight:600\">Saumur<br>Viticole<\/h1>\n\n\n\n<p class=\"has-small-font-size\"><em>La visite incontournable pour les \u00e9picuriens venant \u00e0 Saumur pour la ville, les vignes et ses vins.<\/em><\/p>\n\n\n\n<figure class=\"wp-block-gallery has-nested-images columns-default is-cropped wp-block-gallery-1 is-layout-flex wp-block-gallery-is-layout-flex\">\n<figure class=\"wp-block-image size-large is-style-rounded\"><img loading=\"lazy\" decoding=\"async\" width=\"1024\" height=\"683\" data-id=\"410\" src=\"https:\/\/vitideal.net\/wp-content\/uploads\/2022\/12\/cave-1-1024x683.jpg\" alt=\"\" class=\"wp-image-410\" srcset=\"https:\/\/vitideal.net\/wp-content\/uploads\/2022\/12\/cave-1-1024x683.jpg 1024w, https:\/\/vitideal.net\/wp-content\/uploads\/2022\/12\/cave-1-300x200.jpg 300w, https:\/\/vitideal.net\/wp-content\/uploads\/2022\/12\/cave-1-768x512.jpg 768w, https:\/\/vitideal.net\/wp-content\/uploads\/2022\/12\/cave-1-1536x1025.jpg 1536w, https:\/\/vitideal.net\/wp-content\/uploads\/2022\/12\/cave-1.jpg 1920w\" sizes=\"auto, (max-width: 1024px) 100vw, 1024px\" \/><\/figure>\n\n\n\n<figure class=\"wp-block-image size-large is-style-rounded\"><img loading=\"lazy\" decoding=\"async\" width=\"1024\" height=\"683\" data-id=\"435\" src=\"https:\/\/vitideal.net\/wp-content\/uploads\/2022\/12\/saumur-1024x683.jpg\" alt=\"\" class=\"wp-image-435\" srcset=\"https:\/\/vitideal.net\/wp-content\/uploads\/2022\/12\/saumur-1024x683.jpg 1024w, https:\/\/vitideal.net\/wp-content\/uploads\/2022\/12\/saumur-300x200.jpg 300w, https:\/\/vitideal.net\/wp-content\/uploads\/2022\/12\/saumur-768x512.jpg 768w, https:\/\/vitideal.net\/wp-content\/uploads\/2022\/12\/saumur-1536x1024.jpg 1536w, https:\/\/vitideal.net\/wp-content\/uploads\/2022\/12\/saumur-2048x1365.jpg 2048w\" sizes=\"auto, (max-width: 1024px) 100vw, 1024px\" \/><\/figure>\n\n\n\n<figure class=\"wp-block-image size-large is-style-rounded\"><img loading=\"lazy\" decoding=\"async\" width=\"1024\" height=\"230\" data-id=\"336\" src=\"https:\/\/vitideal.net\/wp-content\/uploads\/2022\/10\/vitideal-vignes-turquant-1-1024x230.jpg\" alt=\"\" class=\"wp-image-336\" srcset=\"https:\/\/vitideal.net\/wp-content\/uploads\/2022\/10\/vitideal-vignes-turquant-1-1024x230.jpg 1024w, https:\/\/vitideal.net\/wp-content\/uploads\/2022\/10\/vitideal-vignes-turquant-1-300x67.jpg 300w, https:\/\/vitideal.net\/wp-content\/uploads\/2022\/10\/vitideal-vignes-turquant-1-768x173.jpg 768w, https:\/\/vitideal.net\/wp-content\/uploads\/2022\/10\/vitideal-vignes-turquant-1.jpg 1064w\" sizes=\"auto, (max-width: 1024px) 100vw, 1024px\" \/><\/figure>\n\n\n\n<figure class=\"wp-block-image size-full is-style-rounded\"><img loading=\"lazy\" decoding=\"async\" width=\"450\" height=\"279\" data-id=\"329\" src=\"https:\/\/vitideal.net\/wp-content\/uploads\/2022\/10\/marion-bourreau-vitideal-vignes-saumur-chateau.jpg\" alt=\"\" class=\"wp-image-329\" srcset=\"https:\/\/vitideal.net\/wp-content\/uploads\/2022\/10\/marion-bourreau-vitideal-vignes-saumur-chateau.jpg 450w, https:\/\/vitideal.net\/wp-content\/uploads\/2022\/10\/marion-bourreau-vitideal-vignes-saumur-chateau-300x186.jpg 300w\" sizes=\"auto, (max-width: 450px) 100vw, 450px\" \/><\/figure>\n\n\n\n<figure class=\"wp-block-image size-full is-style-rounded\"><img loading=\"lazy\" decoding=\"async\" width=\"275\" height=\"167\" data-id=\"452\" src=\"https:\/\/vitideal.net\/wp-content\/uploads\/2022\/12\/vin-1-edited.jpg\" alt=\"\" class=\"wp-image-452\"\/><\/figure>\n<\/figure>\n\n\n\n<div class=\"wp-block-buttons is-horizontal is-content-justification-center is-layout-flex wp-container-core-buttons-is-layout-499968f5 wp-block-buttons-is-layout-flex\">\n<div class=\"wp-block-button has-custom-width wp-block-button__width-50 has-custom-font-size is-style-fill has-medium-font-size\"><a class=\"wp-block-button__link has-theme-palette-3-color has-theme-palette-6-background-color has-text-color has-background wp-element-button\" href=\"https:\/\/vitideal.net\/?page_id=31\">Plus d&rsquo;infos<\/a><\/div>\n<\/div>\n<\/div>\n\n\n\n<div class=\"wp-block-column is-vertically-aligned-top has-theme-palette-6-color has-theme-palette-2-background-color has-text-color has-background has-link-color wp-elements-12572d01ab221bba4d27eafde2a30950 is-layout-flow wp-block-column-is-layout-flow\" style=\"padding-top:2em;padding-right:2em;padding-bottom:2em;padding-left:2em\">\n<h1 class=\"wp-block-heading has-text-align-center has-theme-palette-6-color has-text-color has-medium-font-size\" id=\"single\" style=\"font-style:normal;font-weight:600\">Balade-d\u00e9gustation<br>du Clos de Chaumont<\/h1>\n\n\n\n<p class=\"has-small-font-size\"><em><em>A Montsoreau, le Domaine de la Perruche nous accueille pour une balade &#8211; d\u00e9gustation<\/em><\/em>.<\/p>\n\n\n\n<figure class=\"wp-block-gallery has-nested-images columns-default is-cropped wp-block-gallery-2 is-layout-flex wp-block-gallery-is-layout-flex\">\n<figure class=\"wp-block-image size-full is-style-rounded\"><img loading=\"lazy\" decoding=\"async\" width=\"276\" height=\"183\" data-id=\"436\" src=\"https:\/\/vitideal.net\/wp-content\/uploads\/2022\/12\/troglodyte.jpg\" alt=\"\" class=\"wp-image-436\"\/><\/figure>\n\n\n\n<figure class=\"wp-block-image size-large is-style-rounded\"><img loading=\"lazy\" decoding=\"async\" width=\"1024\" height=\"682\" data-id=\"406\" src=\"https:\/\/vitideal.net\/wp-content\/uploads\/2022\/12\/barriques-1-1024x682.jpg\" alt=\"\" class=\"wp-image-406\" srcset=\"https:\/\/vitideal.net\/wp-content\/uploads\/2022\/12\/barriques-1-1024x682.jpg 1024w, https:\/\/vitideal.net\/wp-content\/uploads\/2022\/12\/barriques-1-300x200.jpg 300w, https:\/\/vitideal.net\/wp-content\/uploads\/2022\/12\/barriques-1-768x512.jpg 768w, https:\/\/vitideal.net\/wp-content\/uploads\/2022\/12\/barriques-1.jpg 1280w\" sizes=\"auto, (max-width: 1024px) 100vw, 1024px\" \/><\/figure>\n\n\n\n<figure class=\"wp-block-image size-large is-style-rounded\"><img loading=\"lazy\" decoding=\"async\" width=\"1024\" height=\"573\" data-id=\"463\" src=\"https:\/\/vitideal.net\/wp-content\/uploads\/2022\/12\/Marion-Bourreau-Vitideal-15-edited-1024x573.jpg\" alt=\"\" class=\"wp-image-463\" srcset=\"https:\/\/vitideal.net\/wp-content\/uploads\/2022\/12\/Marion-Bourreau-Vitideal-15-edited-1024x573.jpg 1024w, https:\/\/vitideal.net\/wp-content\/uploads\/2022\/12\/Marion-Bourreau-Vitideal-15-edited-300x168.jpg 300w, https:\/\/vitideal.net\/wp-content\/uploads\/2022\/12\/Marion-Bourreau-Vitideal-15-edited-768x430.jpg 768w, https:\/\/vitideal.net\/wp-content\/uploads\/2022\/12\/Marion-Bourreau-Vitideal-15-edited.jpg 1143w\" sizes=\"auto, (max-width: 1024px) 100vw, 1024px\" \/><\/figure>\n\n\n\n<figure class=\"wp-block-image size-large is-style-rounded\"><img loading=\"lazy\" decoding=\"async\" width=\"1920\" height=\"1249\" data-id=\"453\" src=\"https:\/\/vitideal.net\/wp-content\/uploads\/2022\/12\/vin-4-edited.jpg\" alt=\"\" class=\"wp-image-453\" srcset=\"https:\/\/vitideal.net\/wp-content\/uploads\/2022\/12\/vin-4-edited.jpg 1920w, https:\/\/vitideal.net\/wp-content\/uploads\/2022\/12\/vin-4-edited-300x195.jpg 300w, https:\/\/vitideal.net\/wp-content\/uploads\/2022\/12\/vin-4-edited-1024x666.jpg 1024w, https:\/\/vitideal.net\/wp-content\/uploads\/2022\/12\/vin-4-edited-768x500.jpg 768w, https:\/\/vitideal.net\/wp-content\/uploads\/2022\/12\/vin-4-edited-1536x999.jpg 1536w\" sizes=\"auto, (max-width: 1920px) 100vw, 1920px\" \/><\/figure>\n\n\n\n<figure class=\"wp-block-image size-full is-style-rounded\"><img loading=\"lazy\" decoding=\"async\" width=\"300\" height=\"168\" data-id=\"362\" src=\"https:\/\/vitideal.net\/wp-content\/uploads\/2022\/10\/vignes-cabernet-vitideal-cave-visite-oenologie.jpg\" alt=\"\" class=\"wp-image-362\"\/><\/figure>\n<\/figure>\n\n\n\n<div class=\"wp-block-buttons is-horizontal is-content-justification-center is-layout-flex wp-container-core-buttons-is-layout-499968f5 wp-block-buttons-is-layout-flex\">\n<div class=\"wp-block-button has-custom-width wp-block-button__width-50 has-custom-font-size is-style-fill has-medium-font-size\"><a class=\"wp-block-button__link has-theme-palette-3-color has-theme-palette-6-background-color has-text-color has-background wp-element-button\" href=\"https:\/\/vitideal.net\/?page_id=373\">Plus d&rsquo;infos<\/a><\/div>\n<\/div>\n<\/div>\n<\/div>\n","protected":false},"excerpt":{"rendered":"<p>SaumurViticole La visite incontournable pour les \u00e9picuriens venant \u00e0 Saumur pour la ville, les vignes et ses vins. Balade-d\u00e9gustationdu Clos de Chaumont A Montsoreau, le Domaine de la Perruche nous accueille pour une balade &#8211; d\u00e9gustation.<\/p>\n","protected":false},"author":1,"featured_media":0,"parent":0,"menu_order":0,"comment_status":"closed","ping_status":"closed","template":"","meta":{"_kadence_starter_templates_imported_post":false,"_kad_post_transparent":"","_kad_post_title":"hide","_kad_post_layout":"","_kad_post_sidebar_id":"","_kad_post_content_style":"","_kad_post_vertical_padding":"","_kad_post_feature":"","_kad_post_feature_position":"","_kad_post_header":false,"_kad_post_footer":false,"footnotes":""},"class_list":["post-366","page","type-page","status-publish","hentry"],"_links":{"self":[{"href":"https:\/\/vitideal.net\/index.php?rest_route=\/wp\/v2\/pages\/366","targetHints":{"allow":["GET"]}}],"collection":[{"href":"https:\/\/vitideal.net\/index.php?rest_route=\/wp\/v2\/pages"}],"about":[{"href":"https:\/\/vitideal.net\/index.php?rest_route=\/wp\/v2\/types\/page"}],"author":[{"embeddable":true,"href":"https:\/\/vitideal.net\/index.php?rest_route=\/wp\/v2\/users\/1"}],"replies":[{"embeddable":true,"href":"https:\/\/vitideal.net\/index.php?rest_route=%2Fwp%2Fv2%2Fcomments&post=366"}],"version-history":[{"count":14,"href":"https:\/\/vitideal.net\/index.php?rest_route=\/wp\/v2\/pages\/366\/revisions"}],"predecessor-version":[{"id":489,"href":"https:\/\/vitideal.net\/index.php?rest_route=\/wp\/v2\/pages\/366\/revisions\/489"}],"wp:attachment":[{"href":"https:\/\/vitideal.net\/index.php?rest_route=%2Fwp%2Fv2%2Fmedia&parent=366"}],"curies":[{"name":"wp","href":"https:\/\/api.w.org\/{rel}","templated":true}]}}