{"id":373,"date":"2022-10-20T15:43:28","date_gmt":"2022-10-20T13:43:28","guid":{"rendered":"http:\/\/vitideal.net\/?page_id=373"},"modified":"2023-09-12T11:30:48","modified_gmt":"2023-09-12T09:30:48","slug":"clos-de-chaumont","status":"publish","type":"page","link":"https:\/\/vitideal.net\/?page_id=373","title":{"rendered":"Clos de Chaumont"},"content":{"rendered":"\n<figure class=\"wp-block-gallery has-nested-images columns-default is-cropped wp-block-gallery-1 is-layout-flex wp-block-gallery-is-layout-flex\">\n<figure class=\"wp-block-image size-full\"><img loading=\"lazy\" decoding=\"async\" width=\"288\" height=\"175\" data-id=\"448\" src=\"https:\/\/vitideal.net\/wp-content\/uploads\/2022\/12\/vin-8.jpg\" alt=\"\" class=\"wp-image-448\"\/><\/figure>\n\n\n\n<figure class=\"wp-block-image size-large\"><img loading=\"lazy\" decoding=\"async\" width=\"1024\" height=\"768\" data-id=\"455\" src=\"https:\/\/vitideal.net\/wp-content\/uploads\/2022\/12\/Marion-Bourreau-Vitideal-15-1024x768.jpg\" alt=\"\" class=\"wp-image-455\" srcset=\"https:\/\/vitideal.net\/wp-content\/uploads\/2022\/12\/Marion-Bourreau-Vitideal-15-1024x768.jpg 1024w, https:\/\/vitideal.net\/wp-content\/uploads\/2022\/12\/Marion-Bourreau-Vitideal-15-300x225.jpg 300w, https:\/\/vitideal.net\/wp-content\/uploads\/2022\/12\/Marion-Bourreau-Vitideal-15-768x576.jpg 768w, https:\/\/vitideal.net\/wp-content\/uploads\/2022\/12\/Marion-Bourreau-Vitideal-15-1536x1152.jpg 1536w, https:\/\/vitideal.net\/wp-content\/uploads\/2022\/12\/Marion-Bourreau-Vitideal-15.jpg 2000w\" sizes=\"auto, (max-width: 1024px) 100vw, 1024px\" \/><\/figure>\n\n\n\n<figure class=\"wp-block-image size-large\"><img loading=\"lazy\" decoding=\"async\" width=\"853\" height=\"569\" data-id=\"496\" src=\"https:\/\/vitideal.net\/wp-content\/uploads\/2023\/09\/barriques-1-edited.jpg\" alt=\"\" class=\"wp-image-496\" srcset=\"https:\/\/vitideal.net\/wp-content\/uploads\/2023\/09\/barriques-1-edited.jpg 853w, https:\/\/vitideal.net\/wp-content\/uploads\/2023\/09\/barriques-1-edited-300x200.jpg 300w, https:\/\/vitideal.net\/wp-content\/uploads\/2023\/09\/barriques-1-edited-768x512.jpg 768w\" sizes=\"auto, (max-width: 853px) 100vw, 853px\" \/><\/figure>\n<\/figure>\n\n\n\n<p><\/p>\n\n\n\n<p>Au d\u00e9part du Domaine de la Perruche, je vous emm\u00e8ne pour une visite \u00e0 travers les vignes et les somptueux paysages du Saumur-Champigny avec la Loire pour d\u00e9cor.<\/p>\n\n\n\n<p>Nous parcourons les ruelles de la splendide cit\u00e9 de Montsoreau jusqu&rsquo;au Clos de Chaumont. Cette balade sera ponctu\u00e9e de petites haltes d\u00e9gustations des vins du Domaine.<\/p>\n\n\n\n<p>A notre retour, vous pourrez profiter, si vous le souhaitez, d&rsquo;une visite du chai \u00e0 barriques et des autres vins du domaine en d\u00e9gustation.<\/p>\n\n\n\n<p>Dur\u00e9e : 2h30 (5km de marche, avec d\u00e9nivel\u00e9s prononc\u00e9s)<\/p>\n\n\n\n<p>Tarif unique : 80\u20ac peu importe le nombre de participants<\/p>\n\n\n\n<div class=\"wp-block-buttons is-layout-flex wp-block-buttons-is-layout-flex\">\n<div class=\"wp-block-button\"><a class=\"wp-block-button__link wp-element-button\" href=\"https:\/\/www.laroutedesvinsdeloire.fr\/parcours\/domaine-de-la-perruche\/\">R\u00e9servation sur le site du Domaine de la Perruche<\/a><\/div>\n\n\n<\/div>\n","protected":false},"excerpt":{"rendered":"<p>Au d\u00e9part du Domaine de la Perruche, je vous emm\u00e8ne pour une visite \u00e0 travers les vignes et les somptueux paysages du Saumur-Champigny avec la Loire pour d\u00e9cor. Nous parcourons les ruelles de la splendide cit\u00e9 de Montsoreau jusqu&rsquo;au Clos de Chaumont. Cette balade sera ponctu\u00e9e de petites haltes d\u00e9gustations des vins du Domaine. A&#8230;<\/p>\n","protected":false},"author":1,"featured_media":0,"parent":0,"menu_order":0,"comment_status":"closed","ping_status":"closed","template":"","meta":{"_kadence_starter_templates_imported_post":false,"_kad_post_transparent":"","_kad_post_title":"show","_kad_post_layout":"","_kad_post_sidebar_id":"","_kad_post_content_style":"","_kad_post_vertical_padding":"","_kad_post_feature":"","_kad_post_feature_position":"","_kad_post_header":false,"_kad_post_footer":false,"footnotes":""},"class_list":["post-373","page","type-page","status-publish","hentry"],"_links":{"self":[{"href":"https:\/\/vitideal.net\/index.php?rest_route=\/wp\/v2\/pages\/373","targetHints":{"allow":["GET"]}}],"collection":[{"href":"https:\/\/vitideal.net\/index.php?rest_route=\/wp\/v2\/pages"}],"about":[{"href":"https:\/\/vitideal.net\/index.php?rest_route=\/wp\/v2\/types\/page"}],"author":[{"embeddable":true,"href":"https:\/\/vitideal.net\/index.php?rest_route=\/wp\/v2\/users\/1"}],"replies":[{"embeddable":true,"href":"https:\/\/vitideal.net\/index.php?rest_route=%2Fwp%2Fv2%2Fcomments&post=373"}],"version-history":[{"count":8,"href":"https:\/\/vitideal.net\/index.php?rest_route=\/wp\/v2\/pages\/373\/revisions"}],"predecessor-version":[{"id":501,"href":"https:\/\/vitideal.net\/index.php?rest_route=\/wp\/v2\/pages\/373\/revisions\/501"}],"wp:attachment":[{"href":"https:\/\/vitideal.net\/index.php?rest_route=%2Fwp%2Fv2%2Fmedia&parent=373"}],"curies":[{"name":"wp","href":"https:\/\/api.w.org\/{rel}","templated":true}]}}